{"id":214,"date":"2021-03-21T00:20:00","date_gmt":"2021-03-20T23:20:00","guid":{"rendered":"https:\/\/safe-trade.co\/?page_id=214"},"modified":"2021-03-21T12:30:42","modified_gmt":"2021-03-21T11:30:42","slug":"sterowniki-mv5-ze","status":"publish","type":"page","link":"https:\/\/safe-trade.co\/?page_id=214","title":{"rendered":"Kontrolery g\u0142owic znakuj\u0105cych"},"content":{"rendered":"\n<h3>Kontrolery g\u0142owic znakuj\u0105cych MARKATOR\u00ae<\/h3>\n\n\n\n<div class=\"wp-block-media-text alignwide is-stacked-on-mobile is-vertically-aligned-top\" style=\"grid-template-columns:15% auto\"><figure class=\"wp-block-media-text__media\"><img decoding=\"async\" loading=\"lazy\" width=\"600\" height=\"600\" src=\"https:\/\/safe-trade.co\/wp-content\/uploads\/2021\/03\/Zentraleinheit_ZE_101_XL.jpg\" alt=\"\" class=\"wp-image-192\" srcset=\"https:\/\/safe-trade.co\/wp-content\/uploads\/2021\/03\/Zentraleinheit_ZE_101_XL.jpg 600w, https:\/\/safe-trade.co\/wp-content\/uploads\/2021\/03\/Zentraleinheit_ZE_101_XL-300x300.jpg 300w, https:\/\/safe-trade.co\/wp-content\/uploads\/2021\/03\/Zentraleinheit_ZE_101_XL-150x150.jpg 150w\" sizes=\"(max-width: 600px) 100vw, 600px\" \/><\/figure><div class=\"wp-block-media-text__content\">\n<p class=\"has-normal-font-size\"><strong>Sterownik MV5 ZE 101 XL<\/strong><\/p>\n\n\n\n<figure class=\"wp-block-table alignleft is-style-regular\"><table class=\"\"><tbody><tr><td><strong>Parametry elektryczne<\/strong><\/td><td><\/td><\/tr><tr><td>Napi\u0119cie zasilaj\u0105ce [VAC]:<\/td><td>90 &#8211; 264<\/td><\/tr><tr><td>Cz\u0119stotliwo\u015b\u0107 sieci [Hz]:<\/td><td>47 &#8211; 63<\/td><\/tr><tr><td>Max. pr\u0105d [A]:<\/td><td>max. 1,25<\/td><\/tr><tr><td>Wej\u015bcia cyfrowe [VDC]:<\/td><td>24V, bezpotencja\u0142owe<\/td><\/tr><tr><td>Wyj\u015bcia cyfrowe [VDC]:<\/td><td>24V \/ 0,5A<\/td><\/tr><tr><td>Tolerancja wej\u015b\u0107 cyfrowych:<\/td><td>24V +\/- 20%<\/td><\/tr><tr><td><strong>Hardware<\/strong><\/td><td><\/td><\/tr><tr><td>Interfejsy:<\/td><td>2 x USB-A, 1 x USB-B, 1 x RJ45<\/td><\/tr><tr><td>HMI:<\/td><td>Touchscreen \/ klawiatura USB<\/td><\/tr><tr><td>Rack 19&#8221;:<\/td><td>NIE (dost\u0119pne uchwyty)<\/td><\/tr><tr><td>IP54:<\/td><td>TAK<\/td><\/tr><tr><td><strong>Komunikacja<\/strong><\/td><td><\/td><\/tr><tr><td>Ilo\u015b\u0107 slot\u00f3w na kart\u0119 rozszerze\u0144:<\/td><td>2<\/td><\/tr><tr><td>Karty komunikacyjne (opcja):<\/td><td>Profinet CU\/LWL<br>Profibus<br>Ethernet TCP\/IP (Rockwell)<br>RS-232<\/td><\/tr><tr><td>Dodatkowa karta zasilaj\u0105ca dla kart komunikacyjnych (opcja):<\/td><td>TAK<\/td><\/tr><tr><td>Ethernet TCP\/IP (opcja):<\/td><td>TAK<\/td><\/tr><tr><td>Bloki FB do integracji z PLC (np. TIA Portal) (opcja):<\/td><td>TAK<\/td><\/tr><tr><td>Modu\u0142 przeka\u017anika bezpiecze\u0144stwa (opcja):<\/td><td>TAK<\/td><\/tr><tr><td><strong>Software<\/strong><\/td><td><\/td><\/tr><tr><td>Pami\u0119\u0107 wewn\u0119trzna:<\/td><td>kilkaset plik\u00f3w znakowania<\/td><\/tr><tr><td>Funkcja podgl\u0105du znakowania:<\/td><td>TAK<\/td><\/tr><tr><td>Oprogramowanie z PC (XL Control) (opcja):<\/td><td>TAK<\/td><\/tr><tr><td>Znakowanie LOGO (opcja):<\/td><td>TAK<\/td><\/tr><tr><td>Znakowanie DATA MATRIX (opcja):<\/td><td>TAK<\/td><\/tr><tr><td>CSV Import (opcja):<\/td><td>TAK<\/td><\/tr><tr><td>WriteLog (opcja):<\/td><td>TAK<\/td><\/tr><tr><td>FTP (opcja):<\/td><td>TAK<\/td><\/tr><\/tbody><\/table><\/figure>\n\n\n\n<p><\/p>\n<\/div><\/div>\n\n\n\n<p><\/p>\n\n\n\n<div class=\"wp-block-media-text alignwide is-stacked-on-mobile is-vertically-aligned-top\" style=\"grid-template-columns:15% auto\"><figure class=\"wp-block-media-text__media\"><img decoding=\"async\" loading=\"lazy\" width=\"600\" height=\"600\" src=\"https:\/\/safe-trade.co\/wp-content\/uploads\/2021\/03\/Zentraleinheit_ZE_100_XL.jpg\" alt=\"\" class=\"wp-image-191\" srcset=\"https:\/\/safe-trade.co\/wp-content\/uploads\/2021\/03\/Zentraleinheit_ZE_100_XL.jpg 600w, https:\/\/safe-trade.co\/wp-content\/uploads\/2021\/03\/Zentraleinheit_ZE_100_XL-300x300.jpg 300w, https:\/\/safe-trade.co\/wp-content\/uploads\/2021\/03\/Zentraleinheit_ZE_100_XL-150x150.jpg 150w\" sizes=\"(max-width: 600px) 100vw, 600px\" \/><\/figure><div class=\"wp-block-media-text__content\">\n<p class=\"has-normal-font-size\"><strong>Sterownik MV5 ZE 100 XL<\/strong><\/p>\n\n\n\n<p class=\"has-text-align-left\">Parametry jak dla MV5 ZE 101 XL.<br>Sterownik ZE 100 XL nie posiada wy\u015bwietlacza. Status sterownika prezentowany jest poprzez<br>6 diod \u015bwiec\u0105cych. Programowanie sterownika odbywa si\u0119 poprzez oprogramowanie na komputer PC XL Control.<br><\/p>\n<\/div><\/div>\n\n\n\n<hr class=\"wp-block-separator is-style-wide\"\/>\n\n\n\n<div class=\"wp-block-media-text alignwide is-stacked-on-mobile is-vertically-aligned-top\" style=\"grid-template-columns:15% auto\"><figure class=\"wp-block-media-text__media\"><img decoding=\"async\" loading=\"lazy\" width=\"340\" height=\"220\" src=\"https:\/\/safe-trade.co\/wp-content\/uploads\/2021\/03\/2021-03-21-00_04_35-Zentraleinheit-_-Nadelmarkierer-_-Ritzpr\u00e4gen-\u2014-Mozilla-Firefox.png\" alt=\"\" class=\"wp-image-194\" srcset=\"https:\/\/safe-trade.co\/wp-content\/uploads\/2021\/03\/2021-03-21-00_04_35-Zentraleinheit-_-Nadelmarkierer-_-Ritzpr\u00e4gen-\u2014-Mozilla-Firefox.png 340w, https:\/\/safe-trade.co\/wp-content\/uploads\/2021\/03\/2021-03-21-00_04_35-Zentraleinheit-_-Nadelmarkierer-_-Ritzpr\u00e4gen-\u2014-Mozilla-Firefox-300x194.png 300w\" sizes=\"(max-width: 340px) 100vw, 340px\" \/><\/figure><div class=\"wp-block-media-text__content\">\n<p class=\"has-normal-font-size\"><strong>Sterownik MV5 ZE 401 XL<\/strong><\/p>\n\n\n\n<figure class=\"wp-block-table alignleft is-style-regular\"><table class=\"\"><tbody><tr><td><strong>Parametry elektryczne<\/strong><\/td><td><\/td><\/tr><tr><td>Napi\u0119cie zasilaj\u0105ce [VAC]:<\/td><td>90 &#8211; 264<\/td><\/tr><tr><td>Cz\u0119stotliwo\u015b\u0107 sieci [Hz]:<\/td><td>47 &#8211; 63<\/td><\/tr><tr><td>Max. pr\u0105d [A]:<\/td><td>max. 1,25<\/td><\/tr><tr><td>Wej\u015bcia cyfrowe [VDC]:<\/td><td>24V, bezpotencja\u0142owe<\/td><\/tr><tr><td>Wyj\u015bcia cyfrowe [VDC]:<\/td><td>24V \/ 0,5A<\/td><\/tr><tr><td>Tolerancja wej\u015b\u0107 cyfrowych:<\/td><td>24V +\/- 20%<\/td><\/tr><tr><td><strong>Hardware<\/strong><\/td><td><\/td><\/tr><tr><td>Interfejsy:<\/td><td>2 x USB-A, 1 x USB-B, 1 x RJ45<\/td><\/tr><tr><td>HMI:<\/td><td>Klawiatura foliowa<\/td><\/tr><tr><td>Rack 19&#8221;:<\/td><td>TAK<\/td><\/tr><tr><td>IP54:<\/td><td>TAK<\/td><\/tr><tr><td><strong>Komunikacja<\/strong><\/td><td><\/td><\/tr><tr><td>Ilo\u015b\u0107 slot\u00f3w na kart\u0119 rozszerze\u0144:<\/td><td>4<\/td><\/tr><tr><td>Karty komunikacyjne (opcja):<\/td><td>Profinet CU\/LWL<br>Profibus<br>Ethernet TCP\/IP (Rockwell)<br>RS-232<\/td><\/tr><tr><td>Dodatkowa karta zasilaj\u0105ca dla kart komunikacyjnych (opcja):<\/td><td>TAK<\/td><\/tr><tr><td>Ethernet TCP\/IP (opcja):<\/td><td>TAK<\/td><\/tr><tr><td>Bloki FB do integracji z PLC (np. TIA Portal) (opcja):<\/td><td>TAK<\/td><\/tr><tr><td>Modu\u0142 przeka\u017anika bezpiecze\u0144stwa (opcja):<\/td><td>TAK<\/td><\/tr><tr><td><strong>Software<\/strong><\/td><td><\/td><\/tr><tr><td>Pami\u0119\u0107 wewn\u0119trzna:<\/td><td>kilkaset plik\u00f3w znakowania<\/td><\/tr><tr><td>Funkcja podgl\u0105du znakowania:<\/td><td>TAK<\/td><\/tr><tr><td>Oprogramowanie z PC (XL Control) (opcja):<\/td><td>TAK<\/td><\/tr><tr><td>Znakowanie LOGO (opcja):<\/td><td>TAK<\/td><\/tr><tr><td>Znakowanie DATA MATRIX (opcja):<\/td><td>TAK<\/td><\/tr><tr><td>CSV Import (opcja):<\/td><td>TAK<\/td><\/tr><tr><td>WriteLog (opcja):<\/td><td>TAK<\/td><\/tr><tr><td>FTP (opcja):<\/td><td>TAK<\/td><\/tr><\/tbody><\/table><\/figure>\n\n\n\n<p><\/p>\n<\/div><\/div>\n\n\n\n<hr class=\"wp-block-separator is-style-wide\"\/>\n\n\n\n<div class=\"wp-block-media-text alignwide is-stacked-on-mobile\" style=\"grid-template-columns:15% auto\"><figure class=\"wp-block-media-text__media\"><img decoding=\"async\" loading=\"lazy\" width=\"600\" height=\"600\" src=\"https:\/\/safe-trade.co\/wp-content\/uploads\/2021\/03\/Zentraleinheit_ZE_301_XL.jpg\" alt=\"\" class=\"wp-image-186\" srcset=\"https:\/\/safe-trade.co\/wp-content\/uploads\/2021\/03\/Zentraleinheit_ZE_301_XL.jpg 600w, https:\/\/safe-trade.co\/wp-content\/uploads\/2021\/03\/Zentraleinheit_ZE_301_XL-300x300.jpg 300w, https:\/\/safe-trade.co\/wp-content\/uploads\/2021\/03\/Zentraleinheit_ZE_301_XL-150x150.jpg 150w\" sizes=\"(max-width: 600px) 100vw, 600px\" \/><\/figure><div class=\"wp-block-media-text__content\">\n<p class=\"has-normal-font-size\"><strong>Sterownik MV5 ZE 301 XL<\/strong><\/p>\n\n\n\n<p>Wersja sto\u0142owa sterownika ZE &#8211; przeznaczone do produkcji ma\u0142oseryjnej. <\/p>\n\n\n\n<p>Sterownik MV5 ZE 301 XL nie jest montowany w zautomatyzowanych liniach produkcyjnych. <\/p>\n\n\n\n<p>Pozwala na integracj\u0119 z g\u0142owicami r\u0119cznymi.<\/p>\n<\/div><\/div>\n\n\n\n<hr class=\"wp-block-separator is-style-wide\"\/>\n\n\n\n<div class=\"wp-block-button aligncenter\"><a class=\"wp-block-button__link has-text-color has-very-light-gray-color has-background has-vivid-red-background-color\">Pobierz katalog PDF o systemach znakuj\u0105cych MARKATOR\u00ae <\/a><\/div>\n","protected":false},"excerpt":{"rendered":"<p>Kontrolery g\u0142owic znakuj\u0105cych MARKATOR\u00ae Sterownik MV5 ZE 101 XL Parametry elektryczne Napi\u0119cie zasilaj\u0105ce [VAC]: 90 &#8211; 264 Cz\u0119stotliwo\u015b\u0107 sieci [Hz]: 47 &#8211; 63 Max. pr\u0105d [A]: max. 1,25 Wej\u015bcia cyfrowe [VDC]: 24V, bezpotencja\u0142owe Wyj\u015bcia cyfrowe [VDC]: 24V \/ 0,5A Tolerancja wej\u015b\u0107 cyfrowych: 24V +\/- 20% Hardware Interfejsy: 2 x USB-A, 1 x USB-B, 1 x [&hellip;]<\/p>\n","protected":false},"author":1,"featured_media":0,"parent":0,"menu_order":0,"comment_status":"closed","ping_status":"closed","template":"","meta":{"_mi_skip_tracking":false},"_links":{"self":[{"href":"https:\/\/safe-trade.co\/index.php?rest_route=\/wp\/v2\/pages\/214"}],"collection":[{"href":"https:\/\/safe-trade.co\/index.php?rest_route=\/wp\/v2\/pages"}],"about":[{"href":"https:\/\/safe-trade.co\/index.php?rest_route=\/wp\/v2\/types\/page"}],"author":[{"embeddable":true,"href":"https:\/\/safe-trade.co\/index.php?rest_route=\/wp\/v2\/users\/1"}],"replies":[{"embeddable":true,"href":"https:\/\/safe-trade.co\/index.php?rest_route=%2Fwp%2Fv2%2Fcomments&post=214"}],"version-history":[{"count":11,"href":"https:\/\/safe-trade.co\/index.php?rest_route=\/wp\/v2\/pages\/214\/revisions"}],"predecessor-version":[{"id":244,"href":"https:\/\/safe-trade.co\/index.php?rest_route=\/wp\/v2\/pages\/214\/revisions\/244"}],"wp:attachment":[{"href":"https:\/\/safe-trade.co\/index.php?rest_route=%2Fwp%2Fv2%2Fmedia&parent=214"}],"curies":[{"name":"wp","href":"https:\/\/api.w.org\/{rel}","templated":true}]}}