{"id":245,"date":"2021-03-21T12:32:46","date_gmt":"2021-03-21T11:32:46","guid":{"rendered":"https:\/\/safe-trade.co\/?page_id=245"},"modified":"2021-05-23T18:21:57","modified_gmt":"2021-05-23T16:21:57","slug":"znakowarki-reczne","status":"publish","type":"page","link":"https:\/\/safe-trade.co\/?page_id=245","title":{"rendered":"Znakowarki r\u0119czne"},"content":{"rendered":"\n<h3>FlyMarker PRO \/ PRO Touch \/ Mini<\/h3>\n\n\n\n<figure class=\"is-layout-flex wp-block-gallery-1 wp-block-gallery columns-4 is-cropped\"><ul class=\"blocks-gallery-grid\"><li class=\"blocks-gallery-item\"><figure><img decoding=\"async\" loading=\"lazy\" width=\"600\" height=\"600\" src=\"https:\/\/safe-trade.co\/wp-content\/uploads\/2021\/03\/Nadelmarkierer_FlyMarker_PRO_MOBIL.jpg\" alt=\"\" data-id=\"177\" data-link=\"https:\/\/safe-trade.co\/?attachment_id=177\" class=\"wp-image-177\" srcset=\"https:\/\/safe-trade.co\/wp-content\/uploads\/2021\/03\/Nadelmarkierer_FlyMarker_PRO_MOBIL.jpg 600w, https:\/\/safe-trade.co\/wp-content\/uploads\/2021\/03\/Nadelmarkierer_FlyMarker_PRO_MOBIL-300x300.jpg 300w, https:\/\/safe-trade.co\/wp-content\/uploads\/2021\/03\/Nadelmarkierer_FlyMarker_PRO_MOBIL-150x150.jpg 150w\" sizes=\"(max-width: 600px) 100vw, 600px\" \/><\/figure><\/li><li class=\"blocks-gallery-item\"><figure><img decoding=\"async\" loading=\"lazy\" width=\"600\" height=\"600\" src=\"https:\/\/safe-trade.co\/wp-content\/uploads\/2021\/03\/FlyMarker_PRO_MOBIL_touch-.jpg\" alt=\"\" data-id=\"176\" data-link=\"https:\/\/safe-trade.co\/?attachment_id=176\" class=\"wp-image-176\" srcset=\"https:\/\/safe-trade.co\/wp-content\/uploads\/2021\/03\/FlyMarker_PRO_MOBIL_touch-.jpg 600w, https:\/\/safe-trade.co\/wp-content\/uploads\/2021\/03\/FlyMarker_PRO_MOBIL_touch--300x300.jpg 300w, https:\/\/safe-trade.co\/wp-content\/uploads\/2021\/03\/FlyMarker_PRO_MOBIL_touch--150x150.jpg 150w\" sizes=\"(max-width: 600px) 100vw, 600px\" \/><\/figure><\/li><li class=\"blocks-gallery-item\"><figure><img decoding=\"async\" loading=\"lazy\" width=\"600\" height=\"600\" src=\"https:\/\/safe-trade.co\/wp-content\/uploads\/2021\/03\/Nadelmarkierer_FlyMarker_PRO_Transportkoffer.jpg\" alt=\"\" data-id=\"178\" data-link=\"https:\/\/safe-trade.co\/?attachment_id=178\" class=\"wp-image-178\" srcset=\"https:\/\/safe-trade.co\/wp-content\/uploads\/2021\/03\/Nadelmarkierer_FlyMarker_PRO_Transportkoffer.jpg 600w, https:\/\/safe-trade.co\/wp-content\/uploads\/2021\/03\/Nadelmarkierer_FlyMarker_PRO_Transportkoffer-300x300.jpg 300w, https:\/\/safe-trade.co\/wp-content\/uploads\/2021\/03\/Nadelmarkierer_FlyMarker_PRO_Transportkoffer-150x150.jpg 150w\" sizes=\"(max-width: 600px) 100vw, 600px\" \/><\/figure><\/li><li class=\"blocks-gallery-item\"><figure><img decoding=\"async\" loading=\"lazy\" width=\"1024\" height=\"862\" src=\"https:\/\/safe-trade.co\/wp-content\/uploads\/2021\/05\/FlyMarker_mini_65_30-1024x862.gif\" alt=\"\" data-id=\"284\" data-full-url=\"https:\/\/safe-trade.co\/wp-content\/uploads\/2021\/05\/FlyMarker_mini_65_30.gif\" data-link=\"https:\/\/safe-trade.co\/?attachment_id=284\" class=\"wp-image-284\" srcset=\"https:\/\/safe-trade.co\/wp-content\/uploads\/2021\/05\/FlyMarker_mini_65_30-1024x862.gif 1024w, https:\/\/safe-trade.co\/wp-content\/uploads\/2021\/05\/FlyMarker_mini_65_30-300x252.gif 300w, https:\/\/safe-trade.co\/wp-content\/uploads\/2021\/05\/FlyMarker_mini_65_30-768x646.gif 768w\" sizes=\"(max-width: 1024px) 100vw, 1024px\" \/><\/figure><\/li><\/ul><\/figure>\n\n\n\n<p>Przeno\u015bna znakowarka mikropunktowa  stanowi nowy prze\u0142om w historii r\u0119cznych urz\u0105dze\u0144  znakuj\u0105cych zasilanych bateryjnie. Nowa znakowarka FlyMarker<sup>\u00ae<\/sup> posiada zalety  swoich sprawdzonych poprzednik\u00f3w, a przy tym przekonuje lekko\u015bci\u0105 oraz ma\u0142ymi rozmiarami. <\/p>\n\n\n\n<ul><li>Odporna na p\u0119kni\u0119cia obudowa wykonana z w\u0142\u00f3kna szklanego wzmocnionego tworzywem sztucznym<\/li><li>Proste, intuicyjne oprogramowanie<\/li><li>Wy\u015bwietlacz ciek\u0142okrystaliczny o wysokiej rozdzielczo\u015bci<\/li><li>Praca niezale\u017cna od zewn\u0119trznych \u017ar\u00f3de\u0142 zasilania dzi\u0119ki mocnej baterii litowo-jonowej<\/li><li>Klawisze numeryczne zintegrowane bezpo\u015brednio z klawiatur\u0105\u00a0\u00a0\u00a0\u00a0\u00a0<\/li><li>Odporna na zabrudzenie i \u0142atwa w obs\u0142udze klawiatura<\/li><li>Drugi uchwyt umo\u017cliwia wygodn\u0105 obs\u0142ug\u0119 obur\u0105cz; mo\u017cna go \u0142atwo wymontowa\u0107, je\u017celi jest ma\u0142o miejsca<\/li><li>Praktyczna walizka transportowa mieszcz\u0105ca ca\u0142e wyposa\u017cenie standardowe<\/li><li>Si\u0142a znakowania mo\u017ce by\u0107 regulowana stosownie do znakowanego materia\u0142u i wymaganej g\u0142\u0119boko\u015bci znakowania<\/li><li>Oznakowanie mo\u017ce zawiera\u0107 znaki, cyfry, logo i kody DMC<\/li><li>Pami\u0119\u0107 wewn\u0119trzna urz\u0105dzenia umo\u017cliwia przechowywanie kilkuset plik\u00f3w znakowania, czcionek i logo oraz i zarz\u0105dzanie nimi<\/li><li>Zintegrowane porty USB umo\u017cliwiaj\u0105  szybki transfer danych; mog\u0105 by\u0107 tak\u017ce wykorzystane do obs\u0142ugi  akcesori\u00f3w opcjonalnych (np. skanera kod\u00f3w kreskowych)<\/li><\/ul>\n","protected":false},"excerpt":{"rendered":"<p>FlyMarker PRO \/ PRO Touch \/ Mini Przeno\u015bna znakowarka mikropunktowa stanowi nowy prze\u0142om w historii r\u0119cznych urz\u0105dze\u0144 znakuj\u0105cych zasilanych bateryjnie. Nowa znakowarka FlyMarker\u00ae posiada zalety swoich sprawdzonych poprzednik\u00f3w, a przy tym przekonuje lekko\u015bci\u0105 oraz ma\u0142ymi rozmiarami. Odporna na p\u0119kni\u0119cia obudowa wykonana z w\u0142\u00f3kna szklanego wzmocnionego tworzywem sztucznym Proste, intuicyjne oprogramowanie Wy\u015bwietlacz ciek\u0142okrystaliczny o wysokiej rozdzielczo\u015bci [&hellip;]<\/p>\n","protected":false},"author":1,"featured_media":0,"parent":0,"menu_order":0,"comment_status":"closed","ping_status":"closed","template":"","meta":{"_mi_skip_tracking":false},"_links":{"self":[{"href":"https:\/\/safe-trade.co\/index.php?rest_route=\/wp\/v2\/pages\/245"}],"collection":[{"href":"https:\/\/safe-trade.co\/index.php?rest_route=\/wp\/v2\/pages"}],"about":[{"href":"https:\/\/safe-trade.co\/index.php?rest_route=\/wp\/v2\/types\/page"}],"author":[{"embeddable":true,"href":"https:\/\/safe-trade.co\/index.php?rest_route=\/wp\/v2\/users\/1"}],"replies":[{"embeddable":true,"href":"https:\/\/safe-trade.co\/index.php?rest_route=%2Fwp%2Fv2%2Fcomments&post=245"}],"version-history":[{"count":2,"href":"https:\/\/safe-trade.co\/index.php?rest_route=\/wp\/v2\/pages\/245\/revisions"}],"predecessor-version":[{"id":286,"href":"https:\/\/safe-trade.co\/index.php?rest_route=\/wp\/v2\/pages\/245\/revisions\/286"}],"wp:attachment":[{"href":"https:\/\/safe-trade.co\/index.php?rest_route=%2Fwp%2Fv2%2Fmedia&parent=245"}],"curies":[{"name":"wp","href":"https:\/\/api.w.org\/{rel}","templated":true}]}}