{"id":247,"date":"2021-03-21T12:33:20","date_gmt":"2021-03-21T11:33:20","guid":{"rendered":"https:\/\/safe-trade.co\/?page_id=247"},"modified":"2021-05-23T18:11:39","modified_gmt":"2021-05-23T16:11:39","slug":"znakowarki-konwencjonalne","status":"publish","type":"page","link":"https:\/\/safe-trade.co\/?page_id=247","title":{"rendered":"Znakowarki konwencjonalne"},"content":{"rendered":"\n<h3>MV 8 VP \/ MV 13 VP \/ MV 23 VP<\/h3>\n\n\n\n<figure class=\"is-layout-flex wp-block-gallery-1 wp-block-gallery columns-2 is-cropped\"><ul class=\"blocks-gallery-grid\"><li class=\"blocks-gallery-item\"><figure><img decoding=\"async\" loading=\"lazy\" width=\"730\" height=\"790\" src=\"https:\/\/safe-trade.co\/wp-content\/uploads\/2021\/05\/MV13VP.png\" alt=\"\" data-id=\"271\" data-full-url=\"https:\/\/safe-trade.co\/wp-content\/uploads\/2021\/05\/MV13VP.png\" data-link=\"https:\/\/safe-trade.co\/?attachment_id=271\" class=\"wp-image-271\" srcset=\"https:\/\/safe-trade.co\/wp-content\/uploads\/2021\/05\/MV13VP.png 730w, https:\/\/safe-trade.co\/wp-content\/uploads\/2021\/05\/MV13VP-277x300.png 277w\" sizes=\"(max-width: 730px) 100vw, 730px\" \/><\/figure><\/li><li class=\"blocks-gallery-item\"><figure><img decoding=\"async\" loading=\"lazy\" width=\"730\" height=\"790\" src=\"https:\/\/safe-trade.co\/wp-content\/uploads\/2021\/05\/MV23VP.png\" alt=\"\" data-id=\"272\" data-full-url=\"https:\/\/safe-trade.co\/wp-content\/uploads\/2021\/05\/MV23VP.png\" data-link=\"https:\/\/safe-trade.co\/?attachment_id=272\" class=\"wp-image-272\" srcset=\"https:\/\/safe-trade.co\/wp-content\/uploads\/2021\/05\/MV23VP.png 730w, https:\/\/safe-trade.co\/wp-content\/uploads\/2021\/05\/MV23VP-277x300.png 277w\" sizes=\"(max-width: 730px) 100vw, 730px\" \/><\/figure><\/li><\/ul><\/figure>\n\n\n\n<figure class=\"wp-block-table\"><table class=\"\"><tbody><tr><td>Si\u0142a uderzenia regulowana bezstopniowo:<\/td><td>max. 5 kN<\/td><\/tr><tr><td>Maksymalna liczba uderze\u0144 na godzin\u0119:<\/td><td>ok. 1500<\/td><\/tr><tr><td>Cofni\u0119cie wrzeciona do momentu wyzwolenia:<\/td><td>ok. 10 mm<\/td><\/tr><tr><td>Skok wrzeciona (u\u017cytkowy):<\/td><td>50 mm<\/td><\/tr><tr><td>Skok wrzeciona:<\/td><td>max. 60 mm<\/td><\/tr><\/tbody><\/table><\/figure>\n\n\n\n<h3>MV80<\/h3>\n\n\n\n<figure class=\"is-layout-flex wp-block-gallery-3 wp-block-gallery columns-1 is-cropped\"><ul class=\"blocks-gallery-grid\"><li class=\"blocks-gallery-item\"><figure><img decoding=\"async\" loading=\"lazy\" width=\"1000\" height=\"571\" src=\"https:\/\/safe-trade.co\/wp-content\/uploads\/2021\/05\/1695_17_MV80.png\" alt=\"\" data-id=\"276\" data-full-url=\"https:\/\/safe-trade.co\/wp-content\/uploads\/2021\/05\/1695_17_MV80.png\" data-link=\"https:\/\/safe-trade.co\/?attachment_id=276\" class=\"wp-image-276\" srcset=\"https:\/\/safe-trade.co\/wp-content\/uploads\/2021\/05\/1695_17_MV80.png 1000w, https:\/\/safe-trade.co\/wp-content\/uploads\/2021\/05\/1695_17_MV80-300x171.png 300w, https:\/\/safe-trade.co\/wp-content\/uploads\/2021\/05\/1695_17_MV80-768x439.png 768w\" sizes=\"(max-width: 1000px) 100vw, 1000px\" \/><\/figure><\/li><\/ul><\/figure>\n\n\n\n<p>Kompaktowy modu\u0142 ig\u0142y znakuj\u0105cej do robienia prostych znakowa\u0144. Znakowanie materia\u0142\u00f3w do 62 HRC jest mo\u017cliwe. Modu\u0142 wyposa\u017cony we w\u0142asny zaw\u00f3r steruj\u0105cy co pozwala na \u0142atw\u0105 i szybk\u0105 integracj\u0119 w urz\u0105dzeniu klienta.<\/p>\n\n\n\n<h3>G\u0142owice numeruj\u0105ce i stemple<\/h3>\n\n\n\n<figure class=\"is-layout-flex wp-block-gallery-5 wp-block-gallery columns-1 is-cropped\"><ul class=\"blocks-gallery-grid\"><li class=\"blocks-gallery-item\"><figure><img decoding=\"async\" loading=\"lazy\" width=\"1000\" height=\"571\" src=\"https:\/\/safe-trade.co\/wp-content\/uploads\/2021\/05\/1698_17_Stahltypen.png\" alt=\"\" data-id=\"278\" data-full-url=\"https:\/\/safe-trade.co\/wp-content\/uploads\/2021\/05\/1698_17_Stahltypen.png\" data-link=\"https:\/\/safe-trade.co\/?attachment_id=278\" class=\"wp-image-278\" srcset=\"https:\/\/safe-trade.co\/wp-content\/uploads\/2021\/05\/1698_17_Stahltypen.png 1000w, https:\/\/safe-trade.co\/wp-content\/uploads\/2021\/05\/1698_17_Stahltypen-300x171.png 300w, https:\/\/safe-trade.co\/wp-content\/uploads\/2021\/05\/1698_17_Stahltypen-768x439.png 768w\" sizes=\"(max-width: 1000px) 100vw, 1000px\" \/><\/figure><\/li><\/ul><\/figure>\n\n\n\n<p>W ofercie posiadamy bogaty zestaw numerator\u00f3w, p\u00f3\u0142-automatycznych g\u0142owic numeruj\u0105cych oraz punktak\u00f3w.<\/p>\n","protected":false},"excerpt":{"rendered":"<p>MV 8 VP \/ MV 13 VP \/ MV 23 VP Si\u0142a uderzenia regulowana bezstopniowo: max. 5 kN Maksymalna liczba uderze\u0144 na godzin\u0119: ok. 1500 Cofni\u0119cie wrzeciona do momentu wyzwolenia: ok. 10 mm Skok wrzeciona (u\u017cytkowy): 50 mm Skok wrzeciona: max. 60 mm MV80 Kompaktowy modu\u0142 ig\u0142y znakuj\u0105cej do robienia prostych znakowa\u0144. Znakowanie materia\u0142\u00f3w do [&hellip;]<\/p>\n","protected":false},"author":1,"featured_media":0,"parent":0,"menu_order":0,"comment_status":"closed","ping_status":"closed","template":"","meta":{"_mi_skip_tracking":false},"_links":{"self":[{"href":"https:\/\/safe-trade.co\/index.php?rest_route=\/wp\/v2\/pages\/247"}],"collection":[{"href":"https:\/\/safe-trade.co\/index.php?rest_route=\/wp\/v2\/pages"}],"about":[{"href":"https:\/\/safe-trade.co\/index.php?rest_route=\/wp\/v2\/types\/page"}],"author":[{"embeddable":true,"href":"https:\/\/safe-trade.co\/index.php?rest_route=\/wp\/v2\/users\/1"}],"replies":[{"embeddable":true,"href":"https:\/\/safe-trade.co\/index.php?rest_route=%2Fwp%2Fv2%2Fcomments&post=247"}],"version-history":[{"count":4,"href":"https:\/\/safe-trade.co\/index.php?rest_route=\/wp\/v2\/pages\/247\/revisions"}],"predecessor-version":[{"id":279,"href":"https:\/\/safe-trade.co\/index.php?rest_route=\/wp\/v2\/pages\/247\/revisions\/279"}],"wp:attachment":[{"href":"https:\/\/safe-trade.co\/index.php?rest_route=%2Fwp%2Fv2%2Fmedia&parent=247"}],"curies":[{"name":"wp","href":"https:\/\/api.w.org\/{rel}","templated":true}]}}