{"id":258,"date":"2021-03-21T16:05:39","date_gmt":"2021-03-21T15:05:39","guid":{"rendered":"https:\/\/safe-trade.co\/?page_id=258"},"modified":"2024-10-28T10:13:26","modified_gmt":"2024-10-28T09:13:26","slug":"znakowarki-stolowe","status":"publish","type":"page","link":"https:\/\/safe-trade.co\/?page_id=258","title":{"rendered":"Znakowarki sto\u0142owe"},"content":{"rendered":"\n<h3>MV5 T0\/T1<\/h3>\n\n\n\n<figure class=\"is-layout-flex wp-block-gallery-1 wp-block-gallery has-nested-images columns-default is-cropped\">\n<figure class=\"wp-block-image size-large\"><img decoding=\"async\" loading=\"lazy\" width=\"600\" height=\"600\" data-id=\"280\"  src=\"https:\/\/safe-trade.co\/wp-content\/uploads\/2021\/05\/Nadelmarkierer_T0.gif\" alt=\"\" class=\"wp-image-280\"\/><\/figure>\n\n\n\n<figure class=\"wp-block-image size-large\"><img decoding=\"async\" loading=\"lazy\" width=\"600\" height=\"600\" data-id=\"281\"  src=\"https:\/\/safe-trade.co\/wp-content\/uploads\/2021\/05\/Nadelmarkierer_T1.gif\" alt=\"\" class=\"wp-image-281\"\/><\/figure>\n<\/figure>\n\n\n\n<figure class=\"wp-block-table\"><table><tbody><tr><td>Obszar znakowania (X\/Y) (MV5 T0):<\/td><td>100 x 100 mm<\/td><\/tr><tr><td>Obszar znakowania (X\/Y) (MV5 T1):<\/td><td>200 x 100 mm<\/td><\/tr><\/tbody><\/table><\/figure>\n\n\n\n<p>Najwy\u017csza stabilno\u015b\u0107 kolumny dzi\u0119ki solidnym prowadnicom. Lekkie przejazdy g\u0142owic\u0105 g\u00f3ra\/d\u00f3\u0142 dzi\u0119ki idealnie spasowanej kolumnie. Kolumna posiada zintegrowany miernik wysoko\u015bci. G\u0142owice MV5 wsp\u00f3\u0142pracuj\u0105 ze sterownikami MV5 ZE101XL, MV5 ZE401XL.<\/p>\n","protected":false},"excerpt":{"rendered":"<p>MV5 T0\/T1 Obszar znakowania (X\/Y) (MV5 T0): 100 x 100 mm Obszar znakowania (X\/Y) (MV5 T1): 200 x 100 mm Najwy\u017csza stabilno\u015b\u0107 kolumny dzi\u0119ki solidnym prowadnicom. Lekkie przejazdy g\u0142owic\u0105 g\u00f3ra\/d\u00f3\u0142 dzi\u0119ki idealnie spasowanej kolumnie. Kolumna posiada zintegrowany miernik wysoko\u015bci. G\u0142owice MV5 wsp\u00f3\u0142pracuj\u0105 ze sterownikami MV5 ZE101XL, MV5 ZE401XL.<\/p>\n","protected":false},"author":1,"featured_media":0,"parent":0,"menu_order":0,"comment_status":"closed","ping_status":"closed","template":"","meta":{"_mi_skip_tracking":false},"_links":{"self":[{"href":"https:\/\/safe-trade.co\/index.php?rest_route=\/wp\/v2\/pages\/258"}],"collection":[{"href":"https:\/\/safe-trade.co\/index.php?rest_route=\/wp\/v2\/pages"}],"about":[{"href":"https:\/\/safe-trade.co\/index.php?rest_route=\/wp\/v2\/types\/page"}],"author":[{"embeddable":true,"href":"https:\/\/safe-trade.co\/index.php?rest_route=\/wp\/v2\/users\/1"}],"replies":[{"embeddable":true,"href":"https:\/\/safe-trade.co\/index.php?rest_route=%2Fwp%2Fv2%2Fcomments&post=258"}],"version-history":[{"count":3,"href":"https:\/\/safe-trade.co\/index.php?rest_route=\/wp\/v2\/pages\/258\/revisions"}],"predecessor-version":[{"id":351,"href":"https:\/\/safe-trade.co\/index.php?rest_route=\/wp\/v2\/pages\/258\/revisions\/351"}],"wp:attachment":[{"href":"https:\/\/safe-trade.co\/index.php?rest_route=%2Fwp%2Fv2%2Fmedia&parent=258"}],"curies":[{"name":"wp","href":"https:\/\/api.w.org\/{rel}","templated":true}]}}