{"id":80,"date":"2021-03-20T20:35:09","date_gmt":"2021-03-20T19:35:09","guid":{"rendered":"http:\/\/markator.co\/?page_id=80"},"modified":"2024-10-28T10:05:58","modified_gmt":"2024-10-28T09:05:58","slug":"glowice-znakujace","status":"publish","type":"page","link":"https:\/\/safe-trade.co\/?page_id=80","title":{"rendered":"G\u0142owice rytuj\u0105ce MARKATOR MV5 VU2"},"content":{"rendered":"\n<h3>Znakowanie rysuj\u0105ce<\/h3>\n\n\n\n<div class=\"wp-block-media-text alignwide is-stacked-on-mobile is-vertically-aligned-top\" style=\"grid-template-columns:15% auto\"><figure class=\"wp-block-media-text__media\"><img decoding=\"async\" loading=\"lazy\" width=\"600\" height=\"600\" src=\"https:\/\/safe-trade.co\/wp-content\/uploads\/2021\/03\/Ritzmarkierer_VU2.jpg\" alt=\"\" class=\"wp-image-173 size-full\" srcset=\"https:\/\/safe-trade.co\/wp-content\/uploads\/2021\/03\/Ritzmarkierer_VU2.jpg 600w, https:\/\/safe-trade.co\/wp-content\/uploads\/2021\/03\/Ritzmarkierer_VU2-300x300.jpg 300w, https:\/\/safe-trade.co\/wp-content\/uploads\/2021\/03\/Ritzmarkierer_VU2-150x150.jpg 150w\" sizes=\"(max-width: 600px) 100vw, 600px\" \/><\/figure><div class=\"wp-block-media-text__content\">\n<p class=\"has-normal-font-size\"> <strong>VU2<\/strong> <\/p>\n\n\n\n<ul>\n<li>kompaktowa g\u0142owica znakuj\u0105ca do znakowania rytuj\u0105cego<\/li>\n\n\n\n<li>obszar znakowania: 80&#215;50 mm \/ 80 x 100 mm \/ 160 x 50 mm \/ 160 x 100 mm \/ 200 x 175 mm <\/li>\n\n\n\n<li>waga: ok. 6,7 kg<\/li>\n\n\n\n<li>czcionka: od 1 mm (skok 0,1 mm), standardowa DIN1451 (inne czcionki opcjonalne)<\/li>\n\n\n\n<li>rozdzielczo\u015b\u0107 silnik\u00f3w: 0,0125 mm dla wyj\u0105tkowo wysokiej jako\u015bci znakowania<\/li>\n\n\n\n<li>max. ci\u015bnienie: 8 bar<\/li>\n\n\n\n<li>pozycja monta\u017cowa: 360 \u00ba<\/li>\n\n\n\n<li>wsp\u00f3\u0142praca ze sterownikiem MV5 ZE101XL\/401XL<\/li>\n<\/ul>\n\n\n\n<h6><strong>Wyposa\u017cenie opcjonalne:<\/strong><\/h6>\n\n\n\n<ul>\n<li>SPRINT plus &#8211; dodatkowy modu\u0142 wbudowany w sterownik g\u0142owicy, <br>pozwalaj\u0105cy na podwojenie pr\u0119dko\u015bci znakowania<\/li>\n\n\n\n<li>os\u0142ona kewlarowa<\/li>\n\n\n\n<li>DATA MATRIX &#8211; g\u0142owica przystosowana do znakowania punktowego (czcionka 5&#215;7, 9&#215;13)<br>oraz kod\u00f3w DATA MATRIX (+ inny typ ig\u0142y znakuj\u0105cej i zawor\u00f3w)<\/li>\n\n\n\n<li>MULTI &#8211; g\u0142owica ze zmodyfikowanym blokiem pneumatycznym pozwalaj\u0105ca <br>na obs\u0142ug\u0119 dw\u00f3ch igie\u0142 znakuj\u0105cych (rytuj\u0105ca oraz punktowa)<\/li>\n<\/ul>\n\n\n\n<p><\/p>\n<\/div><\/div>\n\n\n\n<center><iframe loading=\"lazy\" src=\"https:\/\/www.youtube.com\/embed\/Dc5Znw-6Oqg\" title=\"YouTube video player\" allow=\"accelerometer; autoplay; clipboard-write; encrypted-media; gyroscope; picture-in-picture\" allowfullscreen=\"\" width=\"560\" height=\"315\" frameborder=\"0\"><\/iframe><\/center>\n\n\n\n<hr class=\"wp-block-separator has-css-opacity is-style-wide\"\/>\n\n\n\n<div class=\"wp-block-media-text alignwide is-stacked-on-mobile is-vertically-aligned-top\" style=\"grid-template-columns:15% auto\"><figure class=\"wp-block-media-text__media\"><img decoding=\"async\" loading=\"lazy\" width=\"600\" height=\"600\" src=\"https:\/\/safe-trade.co\/wp-content\/uploads\/2021\/03\/Ritzmarkierer_VU4.jpg\" alt=\"\" class=\"wp-image-174 size-full\" srcset=\"https:\/\/safe-trade.co\/wp-content\/uploads\/2021\/03\/Ritzmarkierer_VU4.jpg 600w, https:\/\/safe-trade.co\/wp-content\/uploads\/2021\/03\/Ritzmarkierer_VU4-300x300.jpg 300w, https:\/\/safe-trade.co\/wp-content\/uploads\/2021\/03\/Ritzmarkierer_VU4-150x150.jpg 150w\" sizes=\"(max-width: 600px) 100vw, 600px\" \/><\/figure><div class=\"wp-block-media-text__content\">\n<p class=\"has-normal-font-size\"> <strong>VU4 <\/strong><\/p>\n\n\n\n<ul>\n<li>wzmocniona wersja g\u0142owicy VU2<\/li>\n\n\n\n<li>obszar znakowania: 80&#215;50 mm \/ 80 x 100 mm \/ 160 x 50 mm \/ 160 x 100 mm \/ 200 x 175 mm <\/li>\n\n\n\n<li>waga: ok. 6,7 kg<\/li>\n\n\n\n<li>czcionka: od 1 mm (skok 0,1 mm), standardowa DIN1451 (inne czcionki opcjonalne)<\/li>\n\n\n\n<li>sterowanie: silniki krokowe lub serwonap\u0119dy<\/li>\n\n\n\n<li>max. ci\u015bnienie: 8 bar<\/li>\n\n\n\n<li>pozycja monta\u017cowa: 360 \u00ba<\/li>\n\n\n\n<li>wsp\u00f3\u0142praca ze sterownikiem MV5 ZE101XL\/401XL <\/li>\n<\/ul>\n\n\n\n<h6><strong>Wyposa\u017cenie opcjonalne:<\/strong><\/h6>\n\n\n\n<ul>\n<li>SPRINT &#8211; dodatkowy modu\u0142 SE-MK dla serw <br>(10 znak\u00f3w o wysoko\u015bci 3 mm wyznakowane w ci\u0105gu 2-3 sekund)<\/li>\n\n\n\n<li>ECO-SPRINT &#8211; system bez modu\u0142u SE-MK z silnikami krokowymi <br>(10 znak\u00f3w o wysoko\u015bci 3 mm wyznakowane w ciagu 3-4 sekund)<\/li>\n\n\n\n<li>os\u0142ona kewlarowa<\/li>\n\n\n\n<li>DATA MATRIX &#8211; g\u0142owica przystosowana do znakowania punktowego (czcionka 5&#215;7, 9&#215;13) <br>oraz kod\u00f3w DATA MATRIX (+ inny typ ig\u0142y znakuj\u0105cej i zawor\u00f3w),<\/li>\n\n\n\n<li>MULTI &#8211; g\u0142owica ze zmodyfikowanym blokiem pneumatycznym pozwalaj\u0105ca <br>na obs\u0142ug\u0119 dw\u00f3ch igie\u0142 znakuj\u0105cych (rytuj\u0105ca oraz punktowa) <br>&#8211; opcja preferowana z wersj\u0105 VU4 ECO-SPRINT.<\/li>\n<\/ul>\n<\/div><\/div>\n\n\n\n<center><iframe loading=\"lazy\" src=\"https:\/\/www.youtube.com\/embed\/r2e1afs4T6w\" title=\"YouTube video player\" allow=\"accelerometer; autoplay; clipboard-write; encrypted-media; gyroscope; picture-in-picture\" allowfullscreen=\"\" width=\"560\" height=\"315\" frameborder=\"0\"><\/iframe><\/center>\n\n\n\n<hr class=\"wp-block-separator has-css-opacity is-style-wide\"\/>\n\n\n\n<div class=\"wp-block-media-text alignwide is-stacked-on-mobile is-vertically-aligned-top\" style=\"grid-template-columns:15% auto\"><figure class=\"wp-block-media-text__media\"><img decoding=\"async\" loading=\"lazy\" width=\"600\" height=\"600\" src=\"https:\/\/safe-trade.co\/wp-content\/uploads\/2021\/03\/Ritzmarkierer_MV54.jpg\" alt=\"\" class=\"wp-image-200 size-full\" srcset=\"https:\/\/safe-trade.co\/wp-content\/uploads\/2021\/03\/Ritzmarkierer_MV54.jpg 600w, https:\/\/safe-trade.co\/wp-content\/uploads\/2021\/03\/Ritzmarkierer_MV54-300x300.jpg 300w, https:\/\/safe-trade.co\/wp-content\/uploads\/2021\/03\/Ritzmarkierer_MV54-150x150.jpg 150w\" sizes=\"(max-width: 600px) 100vw, 600px\" \/><\/figure><div class=\"wp-block-media-text__content\">\n<p class=\"has-normal-font-size\">  <strong>MV54 <\/strong> <\/p>\n\n\n\n<ul>\n<li>g\u0142owica rytuj\u0105c\u0105 przeznaczona do znakowania numer\u00f3w VIN<\/li>\n\n\n\n<li>g\u0142\u0119bokie znakowanie rytuj\u0105ce docenione przez profesjonalist\u00f3w w bran\u017cy automotive i nie tylko&#8230;<\/li>\n\n\n\n<li>obszar znakowania: 160 x 50 mm<\/li>\n\n\n\n<li>waga: ok. 18,7 kg<\/li>\n\n\n\n<li>czcionka: od 1 mm (skok 0,1 mm), standardowa DIN1451 (inne czcionki opcjonalne)<\/li>\n\n\n\n<li>sterowanie: serwo (w zestawie opcja SPRINT)<\/li>\n\n\n\n<li>max. ci\u015bnienie: 8 bar<\/li>\n\n\n\n<li>pozycja monta\u017cowa: 360 \u00ba<\/li>\n\n\n\n<li>wsp\u00f3\u0142praca ze sterownikiem MV5 ZE101XL\/401XL  <\/li>\n<\/ul>\n<\/div><\/div>\n\n\n\n<hr class=\"wp-block-separator has-css-opacity is-style-wide\"\/>\n\n\n\n<div class=\"wp-block-button aligncenter\"><a class=\"wp-block-button__link has-vivid-red-background-color has-text-color has-background wp-element-button\" href=\"https:\/\/safe-trade.co\/wp-content\/uploads\/2022\/06\/Brochure_Integration_pl.pdf\" style=\"color:#ffffff\">Pobierz katalog PDF o systemach znakuj\u0105cych MARKATOR\u00ae<\/a><\/div>\n","protected":false},"excerpt":{"rendered":"<p>Znakowanie rysuj\u0105ce<\/p>\n","protected":false},"author":1,"featured_media":0,"parent":0,"menu_order":0,"comment_status":"closed","ping_status":"closed","template":"","meta":{"_mi_skip_tracking":false},"_links":{"self":[{"href":"https:\/\/safe-trade.co\/index.php?rest_route=\/wp\/v2\/pages\/80"}],"collection":[{"href":"https:\/\/safe-trade.co\/index.php?rest_route=\/wp\/v2\/pages"}],"about":[{"href":"https:\/\/safe-trade.co\/index.php?rest_route=\/wp\/v2\/types\/page"}],"author":[{"embeddable":true,"href":"https:\/\/safe-trade.co\/index.php?rest_route=\/wp\/v2\/users\/1"}],"replies":[{"embeddable":true,"href":"https:\/\/safe-trade.co\/index.php?rest_route=%2Fwp%2Fv2%2Fcomments&post=80"}],"version-history":[{"count":45,"href":"https:\/\/safe-trade.co\/index.php?rest_route=\/wp\/v2\/pages\/80\/revisions"}],"predecessor-version":[{"id":350,"href":"https:\/\/safe-trade.co\/index.php?rest_route=\/wp\/v2\/pages\/80\/revisions\/350"}],"wp:attachment":[{"href":"https:\/\/safe-trade.co\/index.php?rest_route=%2Fwp%2Fv2%2Fmedia&parent=80"}],"curies":[{"name":"wp","href":"https:\/\/api.w.org\/{rel}","templated":true}]}}